{"id":9,"date":"2020-04-10T13:28:54","date_gmt":"2020-04-10T11:28:54","guid":{"rendered":"http:\/\/www.hbnet.pl\/?page_id=9"},"modified":"2025-11-15T17:56:48","modified_gmt":"2025-11-15T16:56:48","slug":"strona-glowna","status":"publish","type":"page","link":"https:\/\/www.hbnet.pl\/","title":{"rendered":"Strona g\u0142\u00f3wna"},"content":{"rendered":"<p>[et_pb_section fb_built=&#8221;1&#8243; next_background_color=&#8221;#ffffff&#8221; _builder_version=&#8221;4.16&#8243; background_image=&#8221;https:\/\/www.hbnet.pl\/wp-content\/uploads\/2024\/10\/HBNET.png&#8221; background_enable_video_mp4=&#8221;off&#8221; custom_margin=&#8221;||||false|false&#8221; custom_padding=&#8221;10em||172px||false|false&#8221; bottom_divider_style=&#8221;asymmetric2&#8243; global_colors_info=&#8221;{}&#8221;][et_pb_row column_structure=&#8221;2_5,3_5&#8243; _builder_version=&#8221;4.16&#8243; global_colors_info=&#8221;{}&#8221;][et_pb_column type=&#8221;2_5&#8243; _builder_version=&#8221;4.16&#8243; global_colors_info=&#8221;{}&#8221;][et_pb_image src=&#8221;https:\/\/www.hbnet.pl\/wp-content\/uploads\/2025\/11\/HBNET-Hanna-Bielinska-logo.png&#8221; alt=&#8221;HBNET Hanna Bieli\u0144ska&#8221; title_text=&#8221;HBNET Hanna Bieli\u0144ska logo&#8221; _builder_version=&#8221;4.27.4&#8243; _module_preset=&#8221;default&#8221; global_colors_info=&#8221;{}&#8221;][\/et_pb_image][\/et_pb_column][et_pb_column type=&#8221;3_5&#8243; _builder_version=&#8221;4.16&#8243; global_colors_info=&#8221;{}&#8221;][et_pb_text _builder_version=&#8221;4.16&#8243; text_font=&#8221;Abril Fatface|||on|||||&#8221; text_text_color=&#8221;#ffffff&#8221; header_font=&#8221;|700|||||||&#8221; header_text_color=&#8221;#0c71c3&#8243; header_font_size=&#8221;3em&#8221; text_orientation=&#8221;center&#8221; background_layout=&#8221;dark&#8221; inline_fonts=&#8221;Abhaya Libre,Actor&#8221; global_colors_info=&#8221;{}&#8221;]<\/p>\n<h2><\/h2>\n<p><span style=\"color: #003366;\"><\/span><\/p>\n<p><span style=\"color: #003366;\"><\/span><\/p>\n<p><span style=\"color: #003366;\"><\/span><\/p>\n<p><span style=\"color: #ffffff; font-family: Actor; font-weight: normal;\">Komorsk, Nowska 15<\/span><br \/><span style=\"color: #ffffff; font-family: Actor; font-weight: normal;\">86-160 Warlubie, Polska<\/span><\/p>\n<p><span style=\"color: #ffffff; font-family: Actor; font-weight: normal;\"><a href=\"tel:530016092\" title=\"Zadzwo\u0144\" style=\"color: #ffffff;\"><strong>tel.+48 530 016 092<\/strong><\/a><\/span><\/p>\n<p><span style=\"color: #ffffff; font-family: Actor; font-weight: normal;\">NIP PL 559 172 80 25<\/span><\/p>\n<p>[\/et_pb_text][\/et_pb_column][\/et_pb_row][et_pb_row _builder_version=&#8221;4.16&#8243; custom_margin=&#8221;-2px|auto||auto||&#8221; global_colors_info=&#8221;{}&#8221;][et_pb_column type=&#8221;4_4&#8243; _builder_version=&#8221;4.16&#8243; global_colors_info=&#8221;{}&#8221;][et_pb_text _builder_version=&#8221;4.27.4&#8243; text_font=&#8221;Abril Fatface||||||||&#8221; text_orientation=&#8221;center&#8221; background_layout=&#8221;dark&#8221; custom_padding=&#8221;9px||7px|||&#8221; inline_fonts=&#8221;Acme,Actor&#8221; global_colors_info=&#8221;{}&#8221;]<\/p>\n<h4 style=\"text-align: center;\"><span style=\"color: #b5b5b5; font-family: Actor; font-weight: normal;\">Rzeczy niemo\u017cliwe robimy od r\u0119ki, na cuda trzeba chwil\u0119 poczeka\u0107.<\/span><\/h4>\n<p>[\/et_pb_text][\/et_pb_column][\/et_pb_row][\/et_pb_section]<\/p>\n","protected":false},"excerpt":{"rendered":"<p>Komorsk, Nowska 1586-160 Warlubie, Polska tel.+48 530 016 092 NIP PL 559 172 80 25Rzeczy niemo\u017cliwe robimy od r\u0119ki, na cuda trzeba chwil\u0119 poczeka\u0107.<\/p>\n","protected":false},"author":1,"featured_media":0,"parent":0,"menu_order":0,"comment_status":"closed","ping_status":"closed","template":"","meta":{"_et_pb_use_builder":"on","_et_pb_old_content":"","_et_gb_content_width":"","footnotes":""},"class_list":["post-9","page","type-page","status-publish","hentry"],"_links":{"self":[{"href":"https:\/\/www.hbnet.pl\/index.php\/wp-json\/wp\/v2\/pages\/9","targetHints":{"allow":["GET"]}}],"collection":[{"href":"https:\/\/www.hbnet.pl\/index.php\/wp-json\/wp\/v2\/pages"}],"about":[{"href":"https:\/\/www.hbnet.pl\/index.php\/wp-json\/wp\/v2\/types\/page"}],"author":[{"embeddable":true,"href":"https:\/\/www.hbnet.pl\/index.php\/wp-json\/wp\/v2\/users\/1"}],"replies":[{"embeddable":true,"href":"https:\/\/www.hbnet.pl\/index.php\/wp-json\/wp\/v2\/comments?post=9"}],"version-history":[{"count":28,"href":"https:\/\/www.hbnet.pl\/index.php\/wp-json\/wp\/v2\/pages\/9\/revisions"}],"predecessor-version":[{"id":141,"href":"https:\/\/www.hbnet.pl\/index.php\/wp-json\/wp\/v2\/pages\/9\/revisions\/141"}],"wp:attachment":[{"href":"https:\/\/www.hbnet.pl\/index.php\/wp-json\/wp\/v2\/media?parent=9"}],"curies":[{"name":"wp","href":"https:\/\/api.w.org\/{rel}","templated":true}]}}